{"id":3127,"date":"2024-02-08T07:14:59","date_gmt":"2024-02-08T07:14:59","guid":{"rendered":"https:\/\/startersites.io\/elementor\/garderobe\/?page_id=3127"},"modified":"2026-03-05T11:05:15","modified_gmt":"2026-03-05T10:05:15","slug":"somos","status":"publish","type":"page","link":"https:\/\/latinstoreve.com\/index.php\/somos\/","title":{"rendered":"Somos"},"content":{"rendered":"\t\t<div data-elementor-type=\"wp-page\" data-elementor-id=\"3127\" class=\"elementor elementor-3127\">\n\t\t\t\t<div class=\"elementor-element elementor-element-9afc2c3 e-flex e-con-boxed e-con e-parent\" data-id=\"9afc2c3\" data-element_type=\"container\" data-e-type=\"container\" data-settings=\"{&quot;background_background&quot;:&quot;classic&quot;}\">\n\t\t\t\t\t<div class=\"e-con-inner\">\n\t\t\t\t<div class=\"elementor-element elementor-element-b2f674d elementor-widget elementor-widget-heading\" data-id=\"b2f674d\" data-element_type=\"widget\" data-e-type=\"widget\" data-widget_type=\"heading.default\">\n\t\t\t\t\t<h2 class=\"elementor-heading-title elementor-size-default\">Sobre nosotros<\/h2>\t\t\t\t<\/div>\n\t\t\t\t\t<\/div>\n\t\t\t\t<\/div>\n\t\t<div class=\"elementor-element elementor-element-1292210 e-flex e-con-boxed e-con e-parent\" data-id=\"1292210\" data-element_type=\"container\" data-e-type=\"container\" data-settings=\"{&quot;background_background&quot;:&quot;classic&quot;}\">\n\t\t\t\t\t<div class=\"e-con-inner\">\n\t\t<div class=\"elementor-element elementor-element-e83a71e e-con-full e-flex e-con e-child\" data-id=\"e83a71e\" data-element_type=\"container\" data-e-type=\"container\">\n\t\t\t\t<div class=\"elementor-element elementor-element-504db4c elementor-widget elementor-widget-heading\" data-id=\"504db4c\" data-element_type=\"widget\" data-e-type=\"widget\" data-widget_type=\"heading.default\">\n\t\t\t\t\t<h2 class=\"elementor-heading-title elementor-size-default\">Gorras con estilo venezolano<\/h2>\t\t\t\t<\/div>\n\t\t\t\t<div class=\"elementor-element elementor-element-57542c0 elementor-widget elementor-widget-text-editor\" data-id=\"57542c0\" data-element_type=\"widget\" data-e-type=\"widget\" data-widget_type=\"text-editor.default\">\n\t\t\t\t\t\t\t\t\t<p>Con dise\u00f1o propio y de terceros, nuestras gorras son productos de alt\u00edsima calidad, fabricados con materiales de primera calidad. Dise\u00f1os que lucen a nuestra querida venezuela.<\/p>\t\t\t\t\t\t\t\t<\/div>\n\t\t\t\t<div class=\"elementor-element elementor-element-65e7fab elementor-tablet-align-center elementor-widget elementor-widget-button\" data-id=\"65e7fab\" data-element_type=\"widget\" data-e-type=\"widget\" data-widget_type=\"button.default\">\n\t\t\t\t\t\t\t\t\t\t<a class=\"elementor-button elementor-button-link elementor-size-sm\" href=\"#\">\n\t\t\t\t\t\t<span class=\"elementor-button-content-wrapper\">\n\t\t\t\t\t\t\t\t\t<span class=\"elementor-button-text\">Comprar ahora<\/span>\n\t\t\t\t\t<\/span>\n\t\t\t\t\t<\/a>\n\t\t\t\t\t\t\t\t<\/div>\n\t\t\t\t<\/div>\n\t\t<div class=\"elementor-element elementor-element-0f27c4a e-con-full e-flex e-con e-child\" data-id=\"0f27c4a\" data-element_type=\"container\" data-e-type=\"container\">\n\t\t\t\t<div class=\"elementor-element elementor-element-4b3387c elementor-widget elementor-widget-image\" data-id=\"4b3387c\" data-element_type=\"widget\" data-e-type=\"widget\" data-widget_type=\"image.default\">\n\t\t\t\t\t\t\t\t\t\t\t\t\t\t\t<img fetchpriority=\"high\" decoding=\"async\" width=\"1024\" height=\"1024\" src=\"https:\/\/latinstoreve.com\/wp-content\/uploads\/2026\/03\/Gorra-Home-1024x1024.png\" class=\"attachment-large size-large wp-image-4222\" alt=\"Latin Store VE\" srcset=\"https:\/\/latinstoreve.com\/wp-content\/uploads\/2026\/03\/Gorra-Home-1024x1024.png 1024w, https:\/\/latinstoreve.com\/wp-content\/uploads\/2026\/03\/Gorra-Home-300x300.png 300w, https:\/\/latinstoreve.com\/wp-content\/uploads\/2026\/03\/Gorra-Home-150x150.png 150w, https:\/\/latinstoreve.com\/wp-content\/uploads\/2026\/03\/Gorra-Home-768x768.png 768w, https:\/\/latinstoreve.com\/wp-content\/uploads\/2026\/03\/Gorra-Home-600x600.png 600w, https:\/\/latinstoreve.com\/wp-content\/uploads\/2026\/03\/Gorra-Home-100x100.png 100w, https:\/\/latinstoreve.com\/wp-content\/uploads\/2026\/03\/Gorra-Home.png 1080w\" sizes=\"(max-width: 1024px) 100vw, 1024px\" \/>\t\t\t\t\t\t\t\t\t\t\t\t\t\t\t<\/div>\n\t\t\t\t<\/div>\n\t\t\t\t\t<\/div>\n\t\t\t\t<\/div>\n\t\t<div class=\"elementor-element elementor-element-642aa2fe e-con-full e-flex e-con e-parent\" data-id=\"642aa2fe\" data-element_type=\"container\" data-e-type=\"container\">\n\t\t<div class=\"elementor-element elementor-element-5b65226d e-con-full e-flex e-con e-child\" data-id=\"5b65226d\" data-element_type=\"container\" data-e-type=\"container\" data-settings=\"{&quot;background_background&quot;:&quot;classic&quot;}\">\n\t\t\t\t<div class=\"elementor-element elementor-element-4d879ace elementor-widget elementor-widget-heading\" data-id=\"4d879ace\" data-element_type=\"widget\" data-e-type=\"widget\" data-widget_type=\"heading.default\">\n\t\t\t\t\t<h2 class=\"elementor-heading-title elementor-size-default\">Ent\u00e9rate antes...<\/h2>\t\t\t\t<\/div>\n\t\t\t\t<div class=\"elementor-element elementor-element-7a001f25 elementor-widget elementor-widget-text-editor\" data-id=\"7a001f25\" data-element_type=\"widget\" data-e-type=\"widget\" data-widget_type=\"text-editor.default\">\n\t\t\t\t\t\t\t\t\t<p>Suscr\u00edbete para recibir correos electr\u00f3nicos sobre nuevas llegadas de productos y ofertas especiales<\/p>\t\t\t\t\t\t\t\t<\/div>\n\t\t\t\t<div class=\"elementor-element elementor-element-28793c0 elementor-widget__width-initial elementor-widget elementor-widget-wpforms\" data-id=\"28793c0\" data-element_type=\"widget\" data-e-type=\"widget\" data-widget_type=\"wpforms.default\">\n\t\t\t\t<div class=\"elementor-widget-container\">\n\t\t\t\t\t<div class=\"wpforms-container inline-fields wpforms-subscribe-form wpforms-render-modern\" id=\"wpforms-157\"><form id=\"wpforms-form-157\" class=\"wpforms-validate wpforms-form\" data-formid=\"157\" method=\"post\" enctype=\"multipart\/form-data\" action=\"\/index.php\/wp-json\/wp\/v2\/pages\/3127\" data-token=\"517796c4e565981be5ec3489821c48e8\" data-token-time=\"1776690492\"><noscript class=\"wpforms-error-noscript\">Por favor, activa JavaScript en tu navegador para completar este formulario.<\/noscript><div id=\"wpforms-error-noscript\" style=\"display: none;\">Por favor, activa JavaScript en tu navegador para completar este formulario.<\/div><div class=\"wpforms-field-container\"><div id=\"wpforms-157-field_1-container\" class=\"wpforms-field wpforms-field-email\" data-field-id=\"1\"><label class=\"wpforms-field-label wpforms-label-hide\" for=\"wpforms-157-field_1\" aria-hidden=\"false\">Email <span class=\"wpforms-required-label\" aria-hidden=\"true\">*<\/span><\/label><input type=\"email\" id=\"wpforms-157-field_1\" class=\"wpforms-field-medium wpforms-field-required\" name=\"wpforms[fields][1]\" placeholder=\"Email address\" spellcheck=\"false\" aria-errormessage=\"wpforms-157-field_1-error\" required><\/div><\/div><!-- .wpforms-field-container --><div class=\"wpforms-submit-container\" ><input type=\"hidden\" name=\"wpforms[id]\" value=\"157\"><input type=\"hidden\" name=\"page_title\" value=\"\"><input type=\"hidden\" name=\"page_url\" value=\"https:\/\/latinstoreve.com\/index.php\/wp-json\/wp\/v2\/pages\/3127\"><input type=\"hidden\" name=\"url_referer\" value=\"\"><button type=\"submit\" name=\"wpforms[submit]\" id=\"wpforms-submit-157\" class=\"wpforms-submit\" data-alt-text=\"Sending...\" data-submit-text=\"Subscribe\" aria-live=\"assertive\" value=\"wpforms-submit\">Subscribe<\/button><\/div><\/form><\/div>  <!-- .wpforms-container -->\t\t\t\t<\/div>\n\t\t\t\t<\/div>\n\t\t\t\t<\/div>\n\t\t\t\t<\/div>\n\t\t\t\t<\/div>\n\t\t","protected":false},"excerpt":{"rendered":"<p>Sobre nosotros Gorras con estilo venezolano Con dise\u00f1o propio y de terceros, nuestras gorras son productos de alt\u00edsima calidad, fabricados con materiales de primera calidad. Dise\u00f1os que lucen a nuestra querida venezuela. Comprar ahora Ent\u00e9rate antes&#8230; Suscr\u00edbete para recibir correos electr\u00f3nicos sobre nuevas llegadas de productos y ofertas especiales Por favor, activa JavaScript en tu [&hellip;]<\/p>\n","protected":false},"author":1,"featured_media":0,"parent":0,"menu_order":0,"comment_status":"closed","ping_status":"closed","template":"","meta":{"footnotes":""},"class_list":["post-3127","page","type-page","status-publish","hentry"],"blocksy_meta":{"has_hero_section":"disabled","vertical_spacing_source":"custom","content_area_spacing":"none","styles_descriptor":{"styles":{"desktop":"","tablet":"","mobile":""},"google_fonts":[],"version":6}},"_links":{"self":[{"href":"https:\/\/latinstoreve.com\/index.php\/wp-json\/wp\/v2\/pages\/3127","targetHints":{"allow":["GET"]}}],"collection":[{"href":"https:\/\/latinstoreve.com\/index.php\/wp-json\/wp\/v2\/pages"}],"about":[{"href":"https:\/\/latinstoreve.com\/index.php\/wp-json\/wp\/v2\/types\/page"}],"author":[{"embeddable":true,"href":"https:\/\/latinstoreve.com\/index.php\/wp-json\/wp\/v2\/users\/1"}],"replies":[{"embeddable":true,"href":"https:\/\/latinstoreve.com\/index.php\/wp-json\/wp\/v2\/comments?post=3127"}],"version-history":[{"count":4,"href":"https:\/\/latinstoreve.com\/index.php\/wp-json\/wp\/v2\/pages\/3127\/revisions"}],"predecessor-version":[{"id":4230,"href":"https:\/\/latinstoreve.com\/index.php\/wp-json\/wp\/v2\/pages\/3127\/revisions\/4230"}],"wp:attachment":[{"href":"https:\/\/latinstoreve.com\/index.php\/wp-json\/wp\/v2\/media?parent=3127"}],"curies":[{"name":"wp","href":"https:\/\/api.w.org\/{rel}","templated":true}]}}