{"id":3410,"date":"2024-02-08T12:05:53","date_gmt":"2024-02-08T12:05:53","guid":{"rendered":"https:\/\/startersites.io\/elementor\/garderobe\/?page_id=3410"},"modified":"2026-03-05T10:55:55","modified_gmt":"2026-03-05T09:55:55","slug":"contacto","status":"publish","type":"page","link":"https:\/\/latinstoreve.com\/index.php\/contacto\/","title":{"rendered":"Contacto"},"content":{"rendered":"\t\t<div data-elementor-type=\"wp-page\" data-elementor-id=\"3410\" class=\"elementor elementor-3410\">\n\t\t\t\t<div class=\"elementor-element elementor-element-619ae68 e-flex e-con-boxed e-con e-parent\" data-id=\"619ae68\" data-element_type=\"container\" data-e-type=\"container\" data-settings=\"{&quot;background_background&quot;:&quot;classic&quot;}\">\n\t\t\t\t\t<div class=\"e-con-inner\">\n\t\t\t\t<div class=\"elementor-element elementor-element-7dbadcf elementor-widget elementor-widget-heading\" data-id=\"7dbadcf\" data-element_type=\"widget\" data-e-type=\"widget\" data-widget_type=\"heading.default\">\n\t\t\t\t\t<h2 class=\"elementor-heading-title elementor-size-default\">Cont\u00e1ctanos<\/h2>\t\t\t\t<\/div>\n\t\t\t\t\t<\/div>\n\t\t\t\t<\/div>\n\t\t<div class=\"elementor-element elementor-element-752f965 e-flex e-con-boxed e-con e-parent\" data-id=\"752f965\" data-element_type=\"container\" data-e-type=\"container\">\n\t\t\t\t\t<div class=\"e-con-inner\">\n\t\t<div class=\"elementor-element elementor-element-935d353 e-con-full e-flex e-con e-child\" data-id=\"935d353\" data-element_type=\"container\" data-e-type=\"container\" data-settings=\"{&quot;background_background&quot;:&quot;classic&quot;}\">\n\t\t\t\t<div class=\"elementor-element elementor-element-cffe25a elementor-widget elementor-widget-image\" data-id=\"cffe25a\" data-element_type=\"widget\" data-e-type=\"widget\" data-widget_type=\"image.default\">\n\t\t\t\t\t\t\t\t\t\t\t\t\t\t\t<img fetchpriority=\"high\" decoding=\"async\" width=\"800\" height=\"1192\" src=\"https:\/\/latinstoreve.com\/wp-content\/uploads\/2021\/12\/contact-us-image_optimized.webp\" class=\"attachment-full size-full wp-image-293\" alt=\"\" srcset=\"https:\/\/latinstoreve.com\/wp-content\/uploads\/2021\/12\/contact-us-image_optimized.webp 800w, https:\/\/latinstoreve.com\/wp-content\/uploads\/2021\/12\/contact-us-image_optimized-600x894.webp 600w, https:\/\/latinstoreve.com\/wp-content\/uploads\/2021\/12\/contact-us-image_optimized-300x447.webp 300w, https:\/\/latinstoreve.com\/wp-content\/uploads\/2021\/12\/contact-us-image_optimized-201x300.webp 201w, https:\/\/latinstoreve.com\/wp-content\/uploads\/2021\/12\/contact-us-image_optimized-687x1024.webp 687w, https:\/\/latinstoreve.com\/wp-content\/uploads\/2021\/12\/contact-us-image_optimized-768x1144.webp 768w\" sizes=\"(max-width: 800px) 100vw, 800px\" \/>\t\t\t\t\t\t\t\t\t\t\t\t\t\t\t<\/div>\n\t\t\t\t<\/div>\n\t\t<div class=\"elementor-element elementor-element-e03d36d e-con-full e-flex e-con e-child\" data-id=\"e03d36d\" data-element_type=\"container\" data-e-type=\"container\">\n\t\t\t\t<div class=\"elementor-element elementor-element-ba43009 elementor-widget elementor-widget-heading\" data-id=\"ba43009\" data-element_type=\"widget\" data-e-type=\"widget\" data-widget_type=\"heading.default\">\n\t\t\t\t\t<h2 class=\"elementor-heading-title elementor-size-default\">Comun\u00edcate con nosotros\n<\/h2>\t\t\t\t<\/div>\n\t\t\t\t<div class=\"elementor-element elementor-element-7ec596c elementor-widget elementor-widget-wpforms\" data-id=\"7ec596c\" data-element_type=\"widget\" data-e-type=\"widget\" data-widget_type=\"wpforms.default\">\n\t\t\t\t<div class=\"elementor-widget-container\">\n\t\t\t\t\t<div class=\"wpforms-container wpforms-render-modern\" id=\"wpforms-156\"><form id=\"wpforms-form-156\" class=\"wpforms-validate wpforms-form\" data-formid=\"156\" method=\"post\" enctype=\"multipart\/form-data\" action=\"\/index.php\/wp-json\/wp\/v2\/pages\/3410\" data-token=\"807ff151f742e4391de2fac1ad141e96\" data-token-time=\"1776690493\"><noscript class=\"wpforms-error-noscript\">Por favor, activa JavaScript en tu navegador para completar este formulario.<\/noscript><div id=\"wpforms-error-noscript\" style=\"display: none;\">Por favor, activa JavaScript en tu navegador para completar este formulario.<\/div><div class=\"wpforms-field-container\"><div id=\"wpforms-156-field_0-container\" class=\"wpforms-field wpforms-field-name\" data-field-id=\"0\"><label class=\"wpforms-field-label\" for=\"wpforms-156-field_0\">Name <span class=\"wpforms-required-label\" aria-hidden=\"true\">*<\/span><\/label><input type=\"text\" id=\"wpforms-156-field_0\" class=\"wpforms-field-large wpforms-field-required\" name=\"wpforms[fields][0]\" aria-errormessage=\"wpforms-156-field_0-error\" required><\/div><div id=\"wpforms-156-field_4-container\" class=\"wpforms-field wpforms-field-text\" data-field-id=\"4\"><label class=\"wpforms-field-label\" for=\"wpforms-156-field_4\">Phone <span class=\"wpforms-required-label\" aria-hidden=\"true\">*<\/span><\/label><input type=\"text\" id=\"wpforms-156-field_4\" class=\"wpforms-field-large wpforms-field-required\" name=\"wpforms[fields][4]\" aria-errormessage=\"wpforms-156-field_4-error\" required><\/div><div id=\"wpforms-156-field_1-container\" class=\"wpforms-field wpforms-field-email\" data-field-id=\"1\"><label class=\"wpforms-field-label\" for=\"wpforms-156-field_1\">Email Address <span class=\"wpforms-required-label\" aria-hidden=\"true\">*<\/span><\/label><input type=\"email\" id=\"wpforms-156-field_1\" class=\"wpforms-field-large wpforms-field-required\" name=\"wpforms[fields][1]\" spellcheck=\"false\" aria-errormessage=\"wpforms-156-field_1-error\" required><\/div><div id=\"wpforms-156-field_2-container\" class=\"wpforms-field wpforms-field-textarea\" data-field-id=\"2\"><label class=\"wpforms-field-label\" for=\"wpforms-156-field_2\">Your Message <span class=\"wpforms-required-label\" aria-hidden=\"true\">*<\/span><\/label><textarea id=\"wpforms-156-field_2\" class=\"wpforms-field-medium wpforms-field-required\" name=\"wpforms[fields][2]\" aria-errormessage=\"wpforms-156-field_2-error\" required><\/textarea><\/div><\/div><!-- .wpforms-field-container --><div class=\"wpforms-submit-container\" ><input type=\"hidden\" name=\"wpforms[id]\" value=\"156\"><input type=\"hidden\" name=\"page_title\" value=\"\"><input type=\"hidden\" name=\"page_url\" value=\"https:\/\/latinstoreve.com\/index.php\/wp-json\/wp\/v2\/pages\/3410\"><input type=\"hidden\" name=\"url_referer\" value=\"\"><button type=\"submit\" name=\"wpforms[submit]\" id=\"wpforms-submit-156\" class=\"wpforms-submit\" data-alt-text=\"Sending...\" data-submit-text=\"Send Message\" aria-live=\"assertive\" value=\"wpforms-submit\">Send Message<\/button><\/div><\/form><\/div>  <!-- .wpforms-container -->\t\t\t\t<\/div>\n\t\t\t\t<\/div>\n\t\t\t\t<\/div>\n\t\t\t\t\t<\/div>\n\t\t\t\t<\/div>\n\t\t<div class=\"elementor-element elementor-element-d6bf36a e-flex e-con-boxed e-con e-parent\" data-id=\"d6bf36a\" data-element_type=\"container\" data-e-type=\"container\">\n\t\t\t\t\t<div class=\"e-con-inner\">\n\t\t<div class=\"elementor-element elementor-element-845e1d3 e-con-full e-flex e-con e-child\" data-id=\"845e1d3\" data-element_type=\"container\" data-e-type=\"container\">\n\t\t\t\t<div class=\"elementor-element elementor-element-62f1afd elementor-widget elementor-widget-text-editor\" data-id=\"62f1afd\" data-element_type=\"widget\" data-e-type=\"widget\" data-widget_type=\"text-editor.default\">\n\t\t\t\t\t\t\t\t\t<p>Conoce nuestros productos m\u00e1s recientes<\/p>\t\t\t\t\t\t\t\t<\/div>\n\t\t\t\t<div class=\"elementor-element elementor-element-4c3f6b5 elementor-widget elementor-widget-heading\" data-id=\"4c3f6b5\" data-element_type=\"widget\" data-e-type=\"widget\" data-widget_type=\"heading.default\">\n\t\t\t\t\t<h2 class=\"elementor-heading-title elementor-size-default\">Productos recientes<\/h2>\t\t\t\t<\/div>\n\t\t\t\t<\/div>\n\t\t<div class=\"elementor-element elementor-element-d372007 e-con-full e-flex e-con e-child\" data-id=\"d372007\" data-element_type=\"container\" data-e-type=\"container\">\n\t\t\t\t<div class=\"elementor-element elementor-element-249917e elementor-align-right elementor-mobile-align-center elementor-widget elementor-widget-button\" data-id=\"249917e\" data-element_type=\"widget\" data-e-type=\"widget\" data-widget_type=\"button.default\">\n\t\t\t\t\t\t\t\t\t\t<a class=\"elementor-button elementor-button-link elementor-size-sm\" href=\"#\">\n\t\t\t\t\t\t<span class=\"elementor-button-content-wrapper\">\n\t\t\t\t\t\t\t\t\t<span class=\"elementor-button-text\">View All<\/span>\n\t\t\t\t\t<\/span>\n\t\t\t\t\t<\/a>\n\t\t\t\t\t\t\t\t<\/div>\n\t\t\t\t<\/div>\n\t\t\t\t\t<\/div>\n\t\t\t\t<\/div>\n\t\t<div class=\"elementor-element elementor-element-52f0a3e e-flex e-con-boxed e-con e-parent\" data-id=\"52f0a3e\" data-element_type=\"container\" data-e-type=\"container\">\n\t\t\t\t\t<div class=\"e-con-inner\">\n\t\t\t\t<div class=\"elementor-element elementor-element-f2f036b elementor-widget-tablet__width-inherit elementor-widget elementor-widget-shortcode\" data-id=\"f2f036b\" data-element_type=\"widget\" data-e-type=\"widget\" data-widget_type=\"shortcode.default\">\n\t\t\t\t\t\t\t<div class=\"elementor-shortcode\"><div class=\"woocommerce columns-5 \"><ul class=\"products columns-5\" data-products=\"type-1\" data-hover=\"zoom-in\">\n<li class=\"product type-product post-4429 status-publish first instock product_cat-colombia-2 product_tag-bandolero product_tag-bandolero-colombiano product_tag-colombia has-post-thumbnail taxable shipping-taxable purchasable product-type-simple\">\n\t<a href=\"https:\/\/latinstoreve.com\/index.php\/product\/bandolero-colombiano\/\" class=\"woocommerce-LoopProduct-link woocommerce-loop-product__link\"><img decoding=\"async\" width=\"300\" height=\"300\" src=\"https:\/\/latinstoreve.com\/wp-content\/uploads\/2026\/04\/CO-BA25-02-300x300.jpg\" class=\"attachment-woocommerce_thumbnail size-woocommerce_thumbnail\" alt=\"Bandolero Colombiano Artesanal de Ca\u00f1a Flecha \u2013 Azul con Detalles Beige\" srcset=\"https:\/\/latinstoreve.com\/wp-content\/uploads\/2026\/04\/CO-BA25-02-300x300.jpg 300w, https:\/\/latinstoreve.com\/wp-content\/uploads\/2026\/04\/CO-BA25-02-1024x1024.jpg 1024w, https:\/\/latinstoreve.com\/wp-content\/uploads\/2026\/04\/CO-BA25-02-150x150.jpg 150w, https:\/\/latinstoreve.com\/wp-content\/uploads\/2026\/04\/CO-BA25-02-768x768.jpg 768w, https:\/\/latinstoreve.com\/wp-content\/uploads\/2026\/04\/CO-BA25-02-600x600.jpg 600w, https:\/\/latinstoreve.com\/wp-content\/uploads\/2026\/04\/CO-BA25-02-100x100.jpg 100w, https:\/\/latinstoreve.com\/wp-content\/uploads\/2026\/04\/CO-BA25-02.jpg 1080w\" sizes=\"(max-width: 300px) 100vw, 300px\" \/><h2 class=\"woocommerce-loop-product__title\">Bandolero colombiano<\/h2>\n\t<span class=\"price\"><span class=\"woocommerce-Price-amount amount\"><bdi><span class=\"woocommerce-Price-currencySymbol\">&#36;<\/span>25.00<\/bdi><\/span><\/span>\n<\/a><a href=\"\/index.php\/wp-json\/wp\/v2\/pages\/3410?add-to-cart=4429\" aria-describedby=\"woocommerce_loop_add_to_cart_link_describedby_4429\" data-quantity=\"1\" class=\"button product_type_simple add_to_cart_button ajax_add_to_cart\" data-product_id=\"4429\" data-product_sku=\"CO-BA25-01\" aria-label=\"A\u00f1adir al carrito: &ldquo;Bandolero colombiano&rdquo;\" rel=\"nofollow\" data-success_message=\"\u00abBandolero colombiano\u00bb se ha a\u00f1adido a tu carrito\" role=\"button\">A\u00f1adir al carrito<\/a>\t<span id=\"woocommerce_loop_add_to_cart_link_describedby_4429\" class=\"screen-reader-text\">\n\t\t\t<\/span>\n<\/li>\n<li class=\"product type-product post-3859 status-publish instock product_cat-vaso-termico product_cat-vasos-y-tazas product_tag-vaso-termico has-post-thumbnail taxable shipping-taxable purchasable product-type-simple\">\n\t<a href=\"https:\/\/latinstoreve.com\/index.php\/product\/vaso-termico-20-oz-03\/\" class=\"woocommerce-LoopProduct-link woocommerce-loop-product__link\"><img decoding=\"async\" width=\"300\" height=\"300\" src=\"https:\/\/latinstoreve.com\/wp-content\/uploads\/2026\/03\/VT-20oz17-03B-300x300.jpg\" class=\"attachment-woocommerce_thumbnail size-woocommerce_thumbnail\" alt=\"Vasos t\u00e9rmicos - LatinStoreVE\" srcset=\"https:\/\/latinstoreve.com\/wp-content\/uploads\/2026\/03\/VT-20oz17-03B-300x300.jpg 300w, https:\/\/latinstoreve.com\/wp-content\/uploads\/2026\/03\/VT-20oz17-03B-1024x1024.jpg 1024w, https:\/\/latinstoreve.com\/wp-content\/uploads\/2026\/03\/VT-20oz17-03B-150x150.jpg 150w, https:\/\/latinstoreve.com\/wp-content\/uploads\/2026\/03\/VT-20oz17-03B-768x768.jpg 768w, https:\/\/latinstoreve.com\/wp-content\/uploads\/2026\/03\/VT-20oz17-03B-600x600.jpg 600w, https:\/\/latinstoreve.com\/wp-content\/uploads\/2026\/03\/VT-20oz17-03B-100x100.jpg 100w, https:\/\/latinstoreve.com\/wp-content\/uploads\/2026\/03\/VT-20oz17-03B.jpg 1080w\" sizes=\"(max-width: 300px) 100vw, 300px\" \/><h2 class=\"woocommerce-loop-product__title\">Vaso t\u00e9rmico CO -20 oz -03<\/h2>\n\t<span class=\"price\"><span class=\"woocommerce-Price-amount amount\"><bdi><span class=\"woocommerce-Price-currencySymbol\">&#36;<\/span>17.00<\/bdi><\/span><\/span>\n<\/a><a href=\"\/index.php\/wp-json\/wp\/v2\/pages\/3410?add-to-cart=3859\" aria-describedby=\"woocommerce_loop_add_to_cart_link_describedby_3859\" data-quantity=\"1\" class=\"button product_type_simple add_to_cart_button ajax_add_to_cart\" data-product_id=\"3859\" data-product_sku=\"VT-20oz17-03\" aria-label=\"A\u00f1adir al carrito: &ldquo;Vaso t\u00e9rmico CO -20 oz -03&rdquo;\" rel=\"nofollow\" data-success_message=\"\u00abVaso t\u00e9rmico CO -20 oz -03\u00bb se ha a\u00f1adido a tu carrito\" role=\"button\">A\u00f1adir al carrito<\/a>\t<span id=\"woocommerce_loop_add_to_cart_link_describedby_3859\" class=\"screen-reader-text\">\n\t\t\t<\/span>\n<\/li>\n<li class=\"product type-product post-4142 status-publish instock product_cat-artesania product_tag-artesania product_tag-virgen has-post-thumbnail taxable shipping-taxable purchasable product-type-simple\">\n\t<a href=\"https:\/\/latinstoreve.com\/index.php\/product\/virgen-en-madera-para-mesa\/\" class=\"woocommerce-LoopProduct-link woocommerce-loop-product__link\"><img loading=\"lazy\" decoding=\"async\" width=\"300\" height=\"300\" src=\"https:\/\/latinstoreve.com\/wp-content\/uploads\/2026\/03\/ART-VM40-03-300x300.jpg\" class=\"attachment-woocommerce_thumbnail size-woocommerce_thumbnail\" alt=\"Artesan\u00edas - LatinStoreVe\" srcset=\"https:\/\/latinstoreve.com\/wp-content\/uploads\/2026\/03\/ART-VM40-03-300x300.jpg 300w, https:\/\/latinstoreve.com\/wp-content\/uploads\/2026\/03\/ART-VM40-03-1024x1024.jpg 1024w, https:\/\/latinstoreve.com\/wp-content\/uploads\/2026\/03\/ART-VM40-03-150x150.jpg 150w, https:\/\/latinstoreve.com\/wp-content\/uploads\/2026\/03\/ART-VM40-03-768x768.jpg 768w, https:\/\/latinstoreve.com\/wp-content\/uploads\/2026\/03\/ART-VM40-03-600x600.jpg 600w, https:\/\/latinstoreve.com\/wp-content\/uploads\/2026\/03\/ART-VM40-03-100x100.jpg 100w, https:\/\/latinstoreve.com\/wp-content\/uploads\/2026\/03\/ART-VM40-03.jpg 1080w\" sizes=\"(max-width: 300px) 100vw, 300px\" \/><h2 class=\"woocommerce-loop-product__title\">Virgen en Madera para mesa<\/h2>\n\t<span class=\"price\"><span class=\"woocommerce-Price-amount amount\"><bdi><span class=\"woocommerce-Price-currencySymbol\">&#36;<\/span>40.00<\/bdi><\/span><\/span>\n<\/a><a href=\"\/index.php\/wp-json\/wp\/v2\/pages\/3410?add-to-cart=4142\" aria-describedby=\"woocommerce_loop_add_to_cart_link_describedby_4142\" data-quantity=\"1\" class=\"button product_type_simple add_to_cart_button ajax_add_to_cart\" data-product_id=\"4142\" data-product_sku=\"ART-VM40-03\" aria-label=\"A\u00f1adir al carrito: &ldquo;Virgen en Madera para mesa&rdquo;\" rel=\"nofollow\" data-success_message=\"\u00abVirgen en Madera para mesa\u00bb se ha a\u00f1adido a tu carrito\" role=\"button\">A\u00f1adir al carrito<\/a>\t<span id=\"woocommerce_loop_add_to_cart_link_describedby_4142\" class=\"screen-reader-text\">\n\t\t\t<\/span>\n<\/li>\n<li class=\"product type-product post-3591 status-publish instock product_cat-gorras product_cat-vzla-brand product_tag-gorra product_tag-vzla-brand has-post-thumbnail featured taxable shipping-taxable purchasable product-type-simple\">\n\t<a href=\"https:\/\/latinstoreve.com\/index.php\/product\/gorra-vzla-brand-04\/\" class=\"woocommerce-LoopProduct-link woocommerce-loop-product__link\"><img loading=\"lazy\" decoding=\"async\" width=\"300\" height=\"300\" src=\"https:\/\/latinstoreve.com\/wp-content\/uploads\/2026\/03\/GVB-50-01-FRE-300x300.jpg\" class=\"attachment-woocommerce_thumbnail size-woocommerce_thumbnail\" alt=\"Gorra Vzla Brand Edici\u00f3n Limitada- LatinStoreVe\" srcset=\"https:\/\/latinstoreve.com\/wp-content\/uploads\/2026\/03\/GVB-50-01-FRE-300x300.jpg 300w, https:\/\/latinstoreve.com\/wp-content\/uploads\/2026\/03\/GVB-50-01-FRE-1024x1024.jpg 1024w, https:\/\/latinstoreve.com\/wp-content\/uploads\/2026\/03\/GVB-50-01-FRE-150x150.jpg 150w, https:\/\/latinstoreve.com\/wp-content\/uploads\/2026\/03\/GVB-50-01-FRE-768x768.jpg 768w, https:\/\/latinstoreve.com\/wp-content\/uploads\/2026\/03\/GVB-50-01-FRE-600x600.jpg 600w, https:\/\/latinstoreve.com\/wp-content\/uploads\/2026\/03\/GVB-50-01-FRE-100x100.jpg 100w, https:\/\/latinstoreve.com\/wp-content\/uploads\/2026\/03\/GVB-50-01-FRE.jpg 1080w\" sizes=\"(max-width: 300px) 100vw, 300px\" \/><h2 class=\"woocommerce-loop-product__title\">Gorra Vzla Brand 04<\/h2>\n\t<span class=\"price\"><span class=\"woocommerce-Price-amount amount\"><bdi><span class=\"woocommerce-Price-currencySymbol\">&#36;<\/span>50.00<\/bdi><\/span><\/span>\n<\/a><a href=\"\/index.php\/wp-json\/wp\/v2\/pages\/3410?add-to-cart=3591\" aria-describedby=\"woocommerce_loop_add_to_cart_link_describedby_3591\" data-quantity=\"1\" class=\"button product_type_simple add_to_cart_button ajax_add_to_cart\" data-product_id=\"3591\" data-product_sku=\"GVB-50-01\" aria-label=\"A\u00f1adir al carrito: &ldquo;Gorra Vzla Brand 04&rdquo;\" rel=\"nofollow\" data-success_message=\"\u00abGorra Vzla Brand 04\u00bb se ha a\u00f1adido a tu carrito\" role=\"button\">A\u00f1adir al carrito<\/a>\t<span id=\"woocommerce_loop_add_to_cart_link_describedby_3591\" class=\"screen-reader-text\">\n\t\t\t<\/span>\n<\/li>\n<li class=\"product type-product post-3485 status-publish last instock product_cat-cristianas product_cat-gorras product_cat-latin-store product_tag-fe product_tag-gorra product_tag-latin-store has-post-thumbnail taxable shipping-taxable purchasable product-type-simple\">\n\t<a href=\"https:\/\/latinstoreve.com\/index.php\/product\/gorra-latin-store-fe-03\/\" class=\"woocommerce-LoopProduct-link woocommerce-loop-product__link\"><img loading=\"lazy\" decoding=\"async\" width=\"300\" height=\"300\" src=\"https:\/\/latinstoreve.com\/wp-content\/uploads\/2026\/03\/GLAT-FE35-03-LAT-300x300.jpg\" class=\"attachment-woocommerce_thumbnail size-woocommerce_thumbnail\" alt=\"Gorra Latin Store VE -FE-\" srcset=\"https:\/\/latinstoreve.com\/wp-content\/uploads\/2026\/03\/GLAT-FE35-03-LAT-300x300.jpg 300w, https:\/\/latinstoreve.com\/wp-content\/uploads\/2026\/03\/GLAT-FE35-03-LAT-1024x1024.jpg 1024w, https:\/\/latinstoreve.com\/wp-content\/uploads\/2026\/03\/GLAT-FE35-03-LAT-150x150.jpg 150w, https:\/\/latinstoreve.com\/wp-content\/uploads\/2026\/03\/GLAT-FE35-03-LAT-768x768.jpg 768w, https:\/\/latinstoreve.com\/wp-content\/uploads\/2026\/03\/GLAT-FE35-03-LAT-600x600.jpg 600w, https:\/\/latinstoreve.com\/wp-content\/uploads\/2026\/03\/GLAT-FE35-03-LAT-100x100.jpg 100w, https:\/\/latinstoreve.com\/wp-content\/uploads\/2026\/03\/GLAT-FE35-03-LAT.jpg 1080w\" sizes=\"(max-width: 300px) 100vw, 300px\" \/><h2 class=\"woocommerce-loop-product__title\">Gorra Latin Store -FE- 03<\/h2>\n\t<span class=\"price\"><span class=\"woocommerce-Price-amount amount\"><bdi><span class=\"woocommerce-Price-currencySymbol\">&#36;<\/span>35.00<\/bdi><\/span><\/span>\n<\/a><a href=\"\/index.php\/wp-json\/wp\/v2\/pages\/3410?add-to-cart=3485\" aria-describedby=\"woocommerce_loop_add_to_cart_link_describedby_3485\" data-quantity=\"1\" class=\"button product_type_simple add_to_cart_button ajax_add_to_cart\" data-product_id=\"3485\" data-product_sku=\"GLAT-FE35-03\" aria-label=\"A\u00f1adir al carrito: &ldquo;Gorra Latin Store -FE- 03&rdquo;\" rel=\"nofollow\" data-success_message=\"\u00abGorra Latin Store -FE- 03\u00bb se ha a\u00f1adido a tu carrito\" role=\"button\">A\u00f1adir al carrito<\/a>\t<span id=\"woocommerce_loop_add_to_cart_link_describedby_3485\" class=\"screen-reader-text\">\n\t\t\t<\/span>\n<\/li>\n<\/ul>\n<\/div><\/div>\n\t\t\t\t\t\t<\/div>\n\t\t\t\t\t<\/div>\n\t\t\t\t<\/div>\n\t\t<div class=\"elementor-element elementor-element-dc177aa e-con-full e-flex e-con e-parent\" data-id=\"dc177aa\" data-element_type=\"container\" data-e-type=\"container\">\n\t\t<div class=\"elementor-element elementor-element-6ded1a5 e-con-full e-flex e-con e-child\" data-id=\"6ded1a5\" data-element_type=\"container\" data-e-type=\"container\" data-settings=\"{&quot;background_background&quot;:&quot;classic&quot;}\">\n\t\t\t\t<div class=\"elementor-element elementor-element-dff9fb9 elementor-widget elementor-widget-heading\" data-id=\"dff9fb9\" data-element_type=\"widget\" data-e-type=\"widget\" data-widget_type=\"heading.default\">\n\t\t\t\t\t<h2 class=\"elementor-heading-title elementor-size-default\">Ent\u00e9rate antes...<\/h2>\t\t\t\t<\/div>\n\t\t\t\t<div class=\"elementor-element elementor-element-4305982 elementor-widget elementor-widget-text-editor\" data-id=\"4305982\" data-element_type=\"widget\" data-e-type=\"widget\" data-widget_type=\"text-editor.default\">\n\t\t\t\t\t\t\t\t\t<p>Suscr\u00edbete para recibir correos electr\u00f3nicos sobre nuevas llegadas de productos y ofertas especiales<\/p>\t\t\t\t\t\t\t\t<\/div>\n\t\t\t\t<div class=\"elementor-element elementor-element-0f50038 elementor-widget__width-initial elementor-widget elementor-widget-wpforms\" data-id=\"0f50038\" data-element_type=\"widget\" data-e-type=\"widget\" data-widget_type=\"wpforms.default\">\n\t\t\t\t<div class=\"elementor-widget-container\">\n\t\t\t\t\t<div class=\"wpforms-container inline-fields wpforms-subscribe-form wpforms-render-modern\" id=\"wpforms-157\"><form id=\"wpforms-form-157\" class=\"wpforms-validate wpforms-form\" data-formid=\"157\" method=\"post\" enctype=\"multipart\/form-data\" action=\"\/index.php\/wp-json\/wp\/v2\/pages\/3410\" data-token=\"517796c4e565981be5ec3489821c48e8\" data-token-time=\"1776690493\"><noscript class=\"wpforms-error-noscript\">Por favor, activa JavaScript en tu navegador para completar este formulario.<\/noscript><div id=\"wpforms-error-noscript\" style=\"display: none;\">Por favor, activa JavaScript en tu navegador para completar este formulario.<\/div><div class=\"wpforms-field-container\"><div id=\"wpforms-157-field_1-container\" class=\"wpforms-field wpforms-field-email\" data-field-id=\"1\"><label class=\"wpforms-field-label wpforms-label-hide\" for=\"wpforms-157-field_1\" aria-hidden=\"false\">Email <span class=\"wpforms-required-label\" aria-hidden=\"true\">*<\/span><\/label><input type=\"email\" id=\"wpforms-157-field_1\" class=\"wpforms-field-medium wpforms-field-required\" name=\"wpforms[fields][1]\" placeholder=\"Email address\" spellcheck=\"false\" aria-errormessage=\"wpforms-157-field_1-error\" required><\/div><\/div><!-- .wpforms-field-container --><div class=\"wpforms-submit-container\" ><input type=\"hidden\" name=\"wpforms[id]\" value=\"157\"><input type=\"hidden\" name=\"page_title\" value=\"\"><input type=\"hidden\" name=\"page_url\" value=\"https:\/\/latinstoreve.com\/index.php\/wp-json\/wp\/v2\/pages\/3410\"><input type=\"hidden\" name=\"url_referer\" value=\"\"><button type=\"submit\" name=\"wpforms[submit]\" id=\"wpforms-submit-157\" class=\"wpforms-submit\" data-alt-text=\"Sending...\" data-submit-text=\"Subscribe\" aria-live=\"assertive\" value=\"wpforms-submit\">Subscribe<\/button><\/div><\/form><\/div>  <!-- .wpforms-container -->\t\t\t\t<\/div>\n\t\t\t\t<\/div>\n\t\t\t\t<\/div>\n\t\t\t\t<\/div>\n\t\t\t\t<\/div>\n\t\t","protected":false},"excerpt":{"rendered":"<p>Cont\u00e1ctanos Comun\u00edcate con nosotros Por favor, activa JavaScript en tu navegador para completar este formulario.Por favor, activa JavaScript en tu navegador para completar este formulario.Name *Phone *Email Address *Your Message * Send Message Conoce nuestros productos m\u00e1s recientes Productos recientes View All Ent\u00e9rate antes&#8230; Suscr\u00edbete para recibir correos electr\u00f3nicos sobre nuevas llegadas de productos y [&hellip;]<\/p>\n","protected":false},"author":1,"featured_media":0,"parent":0,"menu_order":0,"comment_status":"closed","ping_status":"closed","template":"","meta":{"footnotes":""},"class_list":["post-3410","page","type-page","status-publish","hentry"],"blocksy_meta":{"has_hero_section":"disabled","vertical_spacing_source":"custom","content_area_spacing":"none","styles_descriptor":{"styles":{"desktop":"","tablet":"","mobile":""},"google_fonts":[],"version":6}},"_links":{"self":[{"href":"https:\/\/latinstoreve.com\/index.php\/wp-json\/wp\/v2\/pages\/3410","targetHints":{"allow":["GET"]}}],"collection":[{"href":"https:\/\/latinstoreve.com\/index.php\/wp-json\/wp\/v2\/pages"}],"about":[{"href":"https:\/\/latinstoreve.com\/index.php\/wp-json\/wp\/v2\/types\/page"}],"author":[{"embeddable":true,"href":"https:\/\/latinstoreve.com\/index.php\/wp-json\/wp\/v2\/users\/1"}],"replies":[{"embeddable":true,"href":"https:\/\/latinstoreve.com\/index.php\/wp-json\/wp\/v2\/comments?post=3410"}],"version-history":[{"count":16,"href":"https:\/\/latinstoreve.com\/index.php\/wp-json\/wp\/v2\/pages\/3410\/revisions"}],"predecessor-version":[{"id":4221,"href":"https:\/\/latinstoreve.com\/index.php\/wp-json\/wp\/v2\/pages\/3410\/revisions\/4221"}],"wp:attachment":[{"href":"https:\/\/latinstoreve.com\/index.php\/wp-json\/wp\/v2\/media?parent=3410"}],"curies":[{"name":"wp","href":"https:\/\/api.w.org\/{rel}","templated":true}]}}