{"id":3995,"date":"2026-03-02T23:51:06","date_gmt":"2026-03-02T22:51:06","guid":{"rendered":"https:\/\/latinstoreve.com\/?post_type=product&#038;p=3995"},"modified":"2026-03-07T21:11:52","modified_gmt":"2026-03-07T20:11:52","slug":"gorra-colombia-100-anos","status":"publish","type":"product","link":"https:\/\/latinstoreve.com\/index.php\/product\/gorra-colombia-100-anos\/","title":{"rendered":"Gorra Colombia &#8211; 100 a\u00f1os"},"content":{"rendered":"<p>Gorra Colombia edici\u00f3n 100 a\u00f1os<\/p>\n","protected":false},"excerpt":{"rendered":"<p>Gorra Colombia edici\u00f3n 100 a\u00f1os<\/p>\n","protected":false},"featured_media":3996,"template":"","meta":[],"product_brand":[],"product_cat":[52,16],"product_tag":[53,21],"class_list":{"0":"post-3995","1":"product","2":"type-product","3":"status-publish","4":"has-post-thumbnail","6":"product_cat-colombia","7":"product_cat-gorras","8":"product_tag-colombia","9":"product_tag-gorra","11":"first","12":"instock","13":"taxable","14":"shipping-taxable","15":"purchasable","16":"product-type-simple"},"_links":{"self":[{"href":"https:\/\/latinstoreve.com\/index.php\/wp-json\/wp\/v2\/product\/3995","targetHints":{"allow":["GET"]}}],"collection":[{"href":"https:\/\/latinstoreve.com\/index.php\/wp-json\/wp\/v2\/product"}],"about":[{"href":"https:\/\/latinstoreve.com\/index.php\/wp-json\/wp\/v2\/types\/product"}],"wp:featuredmedia":[{"embeddable":true,"href":"https:\/\/latinstoreve.com\/index.php\/wp-json\/wp\/v2\/media\/3996"}],"wp:attachment":[{"href":"https:\/\/latinstoreve.com\/index.php\/wp-json\/wp\/v2\/media?parent=3995"}],"wp:term":[{"taxonomy":"product_brand","embeddable":true,"href":"https:\/\/latinstoreve.com\/index.php\/wp-json\/wp\/v2\/product_brand?post=3995"},{"taxonomy":"product_cat","embeddable":true,"href":"https:\/\/latinstoreve.com\/index.php\/wp-json\/wp\/v2\/product_cat?post=3995"},{"taxonomy":"product_tag","embeddable":true,"href":"https:\/\/latinstoreve.com\/index.php\/wp-json\/wp\/v2\/product_tag?post=3995"}],"curies":[{"name":"wp","href":"https:\/\/api.w.org\/{rel}","templated":true}]}}