{"id":4429,"date":"2026-04-20T01:16:38","date_gmt":"2026-04-19T23:16:38","guid":{"rendered":"https:\/\/latinstoreve.com\/?post_type=product&#038;p=4429"},"modified":"2026-04-20T01:39:21","modified_gmt":"2026-04-19T23:39:21","slug":"bandolero-colombiano","status":"publish","type":"product","link":"https:\/\/latinstoreve.com\/index.php\/product\/bandolero-colombiano\/","title":{"rendered":"Bandolero colombiano"},"content":{"rendered":"<p data-path-to-node=\"4\"><b data-path-to-node=\"4\" data-index-in-node=\"0\">Lleva la elegancia de lo artesanal a tu d\u00eda a d\u00eda.<\/b> Este bandolero es una pieza exclusiva que combina la tradici\u00f3n del tejido en ca\u00f1a flecha con un dise\u00f1o moderno y funcional. Ideal para quienes buscan un accesorio ligero, resistente y con identidad cultural.<\/p>\n<p data-path-to-node=\"5\">Su contraste entre el azul profundo y los detalles en beige lo convierte en una pieza vers\u00e1til, perfecta para complementar desde un look casual de fin de semana hasta un estilo veraniego sofisticado.<\/p>\n<h3 data-path-to-node=\"6\"><b data-path-to-node=\"6\" data-index-in-node=\"0\">Caracter\u00edsticas Principales:<\/b><\/h3>\n<ul data-path-to-node=\"7\">\n<li>\n<p data-path-to-node=\"7,0,0\"><b data-path-to-node=\"7,0,0\" data-index-in-node=\"0\">Artesan\u00eda Aut\u00e9ntica:<\/b> Tejido a mano por maestros artesanos utilizando fibras naturales de <b data-path-to-node=\"7,0,0\" data-index-in-node=\"89\">ca\u00f1a flecha<\/b>, garantizando durabilidad y un acabado premium.<\/p>\n<\/li>\n<li>\n<p data-path-to-node=\"7,1,0\"><b data-path-to-node=\"7,1,0\" data-index-in-node=\"0\">Dise\u00f1o Ergon\u00f3mico:<\/b> Equipado con una correa de <b data-path-to-node=\"7,1,0\" data-index-in-node=\"46\">cinta de grosor de 1.5&#8243;<\/b>, que ofrece mayor soporte y comodidad al contacto con el hombro.<\/p>\n<\/li>\n<li>\n<p data-path-to-node=\"7,2,0\"><b data-path-to-node=\"7,2,0\" data-index-in-node=\"0\">Dimensiones de la Correa:<\/b> Con un largo de <b data-path-to-node=\"7,2,0\" data-index-in-node=\"42\">38&#8243;<\/b>, es la medida est\u00e1ndar perfecta para usar como bolso cruzado (<i data-path-to-node=\"7,2,0\" data-index-in-node=\"108\">crossbody<\/i>), manteniendo tus pertenencias seguras y las manos libres.<\/p>\n<\/li>\n<li>\n<p data-path-to-node=\"7,3,0\"><b data-path-to-node=\"7,3,0\" data-index-in-node=\"0\">Estilo Vers\u00e1til:<\/b> El patr\u00f3n de colores azul y beige resalta la textura natural del tejido, aportando un aire fresco y sofisticado a cualquier outfit.<\/p>\n<\/li>\n<\/ul>\n<ul data-path-to-node=\"9\">\n<li><b data-path-to-node=\"9,5,0\" data-index-in-node=\"0\">Origen:<\/b> Producto hecho en Colombia.<\/li>\n<\/ul>\n<hr data-path-to-node=\"10\" \/>\n<h3 data-path-to-node=\"11\"><b data-path-to-node=\"11\" data-index-in-node=\"0\">\u00bfPor qu\u00e9 elegir este Bandolero en latinstoreve.com?<\/b><\/h3>\n<p data-path-to-node=\"12\">En <b data-path-to-node=\"12\" data-index-in-node=\"3\">Latin Store<\/b>, seleccionamos piezas que cuentan una historia. Este bandolero no es solo un accesorio, es una muestra de la herencia latina llevada a la moda contempor\u00e1nea. Su estructura r\u00edgida pero ligera lo hace ideal para el uso diario sin perder su forma original.<\/p>\n<p data-path-to-node=\"13\"><b data-path-to-node=\"13\" data-index-in-node=\"0\">\u00a1Hazlo tuyo hoy y destaca con un accesorio \u00fanico!<\/b><\/p>\n","protected":false},"excerpt":{"rendered":"<p>Bandolero colombiano hecho de Ca\u00f1a flecha en color negro con detalles en beige. Cinta de grosor de 1,5&#8243; . Largo de cinta 38&#8243;<\/p>\n","protected":false},"featured_media":4430,"template":"","meta":[],"product_brand":[],"product_cat":[78],"product_tag":[80,79,53],"class_list":{"0":"post-4429","1":"product","2":"type-product","3":"status-publish","4":"has-post-thumbnail","6":"product_cat-colombia-2","7":"product_tag-bandolero","8":"product_tag-bandolero-colombiano","9":"product_tag-colombia","11":"first","12":"instock","13":"taxable","14":"shipping-taxable","15":"purchasable","16":"product-type-simple"},"_links":{"self":[{"href":"https:\/\/latinstoreve.com\/index.php\/wp-json\/wp\/v2\/product\/4429","targetHints":{"allow":["GET"]}}],"collection":[{"href":"https:\/\/latinstoreve.com\/index.php\/wp-json\/wp\/v2\/product"}],"about":[{"href":"https:\/\/latinstoreve.com\/index.php\/wp-json\/wp\/v2\/types\/product"}],"wp:featuredmedia":[{"embeddable":true,"href":"https:\/\/latinstoreve.com\/index.php\/wp-json\/wp\/v2\/media\/4430"}],"wp:attachment":[{"href":"https:\/\/latinstoreve.com\/index.php\/wp-json\/wp\/v2\/media?parent=4429"}],"wp:term":[{"taxonomy":"product_brand","embeddable":true,"href":"https:\/\/latinstoreve.com\/index.php\/wp-json\/wp\/v2\/product_brand?post=4429"},{"taxonomy":"product_cat","embeddable":true,"href":"https:\/\/latinstoreve.com\/index.php\/wp-json\/wp\/v2\/product_cat?post=4429"},{"taxonomy":"product_tag","embeddable":true,"href":"https:\/\/latinstoreve.com\/index.php\/wp-json\/wp\/v2\/product_tag?post=4429"}],"curies":[{"name":"wp","href":"https:\/\/api.w.org\/{rel}","templated":true}]}}