{"id":4462,"date":"2026-04-20T23:47:19","date_gmt":"2026-04-20T21:47:19","guid":{"rendered":"https:\/\/latinstoreve.com\/?post_type=product&#038;p=4462"},"modified":"2026-04-20T23:48:23","modified_gmt":"2026-04-20T21:48:23","slug":"monedero-guajiro-l-de-lana-edicion-sol-amarillo-con-borlas","status":"publish","type":"product","link":"https:\/\/latinstoreve.com\/index.php\/product\/monedero-guajiro-l-de-lana-edicion-sol-amarillo-con-borlas\/","title":{"rendered":"Monedero Guajiro \u00abL\u00bb de Lana \u2013 Edici\u00f3n Sol Amarillo con Borlas"},"content":{"rendered":"<p data-path-to-node=\"3\"><b data-path-to-node=\"3\" data-index-in-node=\"0\">Lleva la energ\u00eda del sol Wayuu contigo.<\/b> Este bandolero de formato Grande (<i data-path-to-node=\"3\" data-index-in-node=\"74\">Large<\/i>), totalmente tejido a mano, es una oda al color y la tradici\u00f3n. Sobre un vibrante fondo amarillo sol, resalta un patr\u00f3n geom\u00e9trico expansivo y abstracto en verde, azul el\u00e9ctrico, rojo y naranja, evocando la fuerza y alegr\u00eda del desierto de La Guajira.<\/p>\n<p data-path-to-node=\"4\"><b data-path-to-node=\"4\" data-index-in-node=\"0\">Por qu\u00e9 es un accesorio indispensable:<\/b><\/p>\n<ul data-path-to-node=\"5\">\n<li>\n<p data-path-to-node=\"5,0,0\"><b data-path-to-node=\"5,0,0\" data-index-in-node=\"0\">M\u00e1ximo Color y Contraste:<\/b> El amarillo intenso no solo resalta tu look, sino que sirve de fondo perfecto para el patr\u00f3n multicolor, creando una pieza que roba miradas.<\/p>\n<\/li>\n<li>\n<p data-path-to-node=\"5,1,0\"><b data-path-to-node=\"5,1,0\" data-index-in-node=\"0\">Detalles Ic\u00f3nicos y Divertidos:<\/b> Incluye ic\u00f3nicas <b data-path-to-node=\"5,1,0\" data-index-in-node=\"49\">borlas amarillas<\/b> en los laterales y una correa larga trenzada a juego, aportando ese toque bohemio y festivo.<\/p>\n<\/li>\n<li><b data-path-to-node=\"5,3,0\" data-index-in-node=\"0\">Arte 100% Aut\u00e9ntico:<\/b> Tejido a mano por artesanas de la comunidad Wayuu en Colombia, garantizando una pieza con alma y patrimonio cultural.<\/li>\n<\/ul>\n<h3 data-path-to-node=\"6\"><b data-path-to-node=\"6\" data-index-in-node=\"0\">Especificaciones:<\/b><\/h3>\n<ul data-path-to-node=\"7\">\n<li>\n<p data-path-to-node=\"7,0,0\"><b data-path-to-node=\"7,0,0\" data-index-in-node=\"0\">Material:<\/b> 100% Lana de alta calidad tejida a mano.<\/p>\n<\/li>\n<li>\n<p data-path-to-node=\"7,1,0\"><b data-path-to-node=\"7,1,0\" data-index-in-node=\"0\">Formato:<\/b> Bandolero grande \/ Clutch cruzado.<\/p>\n<\/li>\n<li>\n<p data-path-to-node=\"7,2,0\"><b data-path-to-node=\"7,2,0\" data-index-in-node=\"0\">Seguridad:<\/b> Cierre superior con cremallera y borlas laterales.<\/p>\n<\/li>\n<li>\n<p data-path-to-node=\"7,3,0\"><b data-path-to-node=\"7,3,0\" data-index-in-node=\"0\">Asa:<\/b> Correa larga trenzada amarilla para uso <i data-path-to-node=\"7,3,0\" data-index-in-node=\"45\">crossbody<\/i>.<\/p>\n<\/li>\n<li>\n<p data-path-to-node=\"7,4,0\"><b data-path-to-node=\"7,4,0\" data-index-in-node=\"0\">Origen:<\/b> Hecho a mano en Colombia.<\/p>\n<\/li>\n<\/ul>\n<p data-path-to-node=\"8\"><b data-path-to-node=\"8\" data-index-in-node=\"0\">\u00a1Destaca con el color de la alegr\u00eda latina! <\/b><\/p>\n","protected":false},"excerpt":{"rendered":"<p>Monedero guajiro de lana. Tama\u00f1o \u00abLarge\u00bb<\/p>\n","protected":false},"featured_media":4456,"template":"","meta":[],"product_brand":[],"product_cat":[78],"product_tag":[84,85,83],"class_list":{"0":"post-4462","1":"product","2":"type-product","3":"status-publish","4":"has-post-thumbnail","6":"product_cat-colombia-2","7":"product_tag-monedero","8":"product_tag-monedero-colombiano","9":"product_tag-monedero-guajiro","11":"first","12":"instock","13":"taxable","14":"shipping-taxable","15":"purchasable","16":"product-type-simple"},"_links":{"self":[{"href":"https:\/\/latinstoreve.com\/index.php\/wp-json\/wp\/v2\/product\/4462","targetHints":{"allow":["GET"]}}],"collection":[{"href":"https:\/\/latinstoreve.com\/index.php\/wp-json\/wp\/v2\/product"}],"about":[{"href":"https:\/\/latinstoreve.com\/index.php\/wp-json\/wp\/v2\/types\/product"}],"wp:featuredmedia":[{"embeddable":true,"href":"https:\/\/latinstoreve.com\/index.php\/wp-json\/wp\/v2\/media\/4456"}],"wp:attachment":[{"href":"https:\/\/latinstoreve.com\/index.php\/wp-json\/wp\/v2\/media?parent=4462"}],"wp:term":[{"taxonomy":"product_brand","embeddable":true,"href":"https:\/\/latinstoreve.com\/index.php\/wp-json\/wp\/v2\/product_brand?post=4462"},{"taxonomy":"product_cat","embeddable":true,"href":"https:\/\/latinstoreve.com\/index.php\/wp-json\/wp\/v2\/product_cat?post=4462"},{"taxonomy":"product_tag","embeddable":true,"href":"https:\/\/latinstoreve.com\/index.php\/wp-json\/wp\/v2\/product_tag?post=4462"}],"curies":[{"name":"wp","href":"https:\/\/api.w.org\/{rel}","templated":true}]}}