{"id":4652,"date":"2026-04-24T00:49:11","date_gmt":"2026-04-23T22:49:11","guid":{"rendered":"https:\/\/latinstoreve.com\/?post_type=product&#038;p=4652"},"modified":"2026-04-24T13:44:50","modified_gmt":"2026-04-24T11:44:50","slug":"sombrero-vueltiao-zenu-tradicion-vibrante-y-elegancia-natural","status":"publish","type":"product","link":"https:\/\/latinstoreve.com\/index.php\/product\/sombrero-vueltiao-zenu-tradicion-vibrante-y-elegancia-natural\/","title":{"rendered":"Sombrero Vueltiao Zen\u00fa: Tradici\u00f3n Vibrante y Elegancia Natural"},"content":{"rendered":"<p data-path-to-node=\"1\"><b data-path-to-node=\"1\" data-index-in-node=\"0\">Viste la herencia cultural de Colombia con un toque de distinci\u00f3n.<\/b><\/p>\n<p data-path-to-node=\"2\">Lleva contigo la esencia del Caribe colombiano con este espectacular sombrero, una obra maestra tejida a mano con <b data-path-to-node=\"2\" data-index-in-node=\"114\">ca\u00f1a flecha<\/b> 100% original. Su dise\u00f1o \u00fanico y vibrante combina una base en negro profundo con franjas multicolores que celebran la alegr\u00eda de nuestra cultura.<\/p>\n<ul data-path-to-node=\"3\">\n<li>\n<p data-path-to-node=\"3,0,0\"><b data-path-to-node=\"3,0,0\" data-index-in-node=\"0\">Autenticidad Garantizada:<\/b> Elaborado por artesanos expertos de la regi\u00f3n de Tuch\u00edn, C\u00f3rdoba, cada sombrero es una pieza \u00fanica de la tradici\u00f3n Zen\u00fa.<\/p>\n<\/li>\n<li>\n<p data-path-to-node=\"3,1,0\"><b data-path-to-node=\"3,1,0\" data-index-in-node=\"0\">Calidad Premium:<\/b> El tejido de alta densidad asegura durabilidad y flexibilidad, perfecto para mantener su forma original.<\/p>\n<\/li>\n<li>\n<p data-path-to-node=\"3,2,0\"><b data-path-to-node=\"3,2,0\" data-index-in-node=\"0\">Estilo y Comodidad:<\/b> Su dise\u00f1o ligero y transpirable te ofrece frescura y protecci\u00f3n solar, mientras realza cualquier look con elegancia.<\/p>\n<\/li>\n<li>\n<p data-path-to-node=\"3,3,0\"><b data-path-to-node=\"3,3,0\" data-index-in-node=\"0\">Toques de Distinci\u00f3n:<\/b> Incluye una hermosa banda decorativa tejida y un distintivo aplique en la copa, que resaltan su exclusividad.<\/p>\n<\/li>\n<\/ul>\n<p data-path-to-node=\"4\"><b data-path-to-node=\"4\" data-index-in-node=\"0\">\u00a1Siente el orgullo de nuestra tierra y a\u00f1ade este icono de arte colombiano a tu colecci\u00f3n hoy en LatinStore!<\/b><\/p>\n","protected":false},"excerpt":{"rendered":"<p>Sombrero Vueltiao Zen\u00fa: Tradici\u00f3n Vibrante y Elegancia Natural<\/p>\n","protected":false},"featured_media":4412,"template":"","meta":[],"product_brand":[],"product_cat":[46,47],"product_tag":[49,48,97],"class_list":{"0":"post-4652","1":"product","2":"type-product","3":"status-publish","4":"has-post-thumbnail","6":"product_cat-sombrero-colombiano","7":"product_cat-sombrero-vueltiao","8":"product_tag-sombrero-vueltiao","9":"product_tag-sombreros-colombiano","10":"product_tag-vueltiao","12":"first","13":"instock","14":"featured","15":"taxable","16":"shipping-taxable","17":"purchasable","18":"product-type-simple"},"_links":{"self":[{"href":"https:\/\/latinstoreve.com\/index.php\/wp-json\/wp\/v2\/product\/4652","targetHints":{"allow":["GET"]}}],"collection":[{"href":"https:\/\/latinstoreve.com\/index.php\/wp-json\/wp\/v2\/product"}],"about":[{"href":"https:\/\/latinstoreve.com\/index.php\/wp-json\/wp\/v2\/types\/product"}],"wp:featuredmedia":[{"embeddable":true,"href":"https:\/\/latinstoreve.com\/index.php\/wp-json\/wp\/v2\/media\/4412"}],"wp:attachment":[{"href":"https:\/\/latinstoreve.com\/index.php\/wp-json\/wp\/v2\/media?parent=4652"}],"wp:term":[{"taxonomy":"product_brand","embeddable":true,"href":"https:\/\/latinstoreve.com\/index.php\/wp-json\/wp\/v2\/product_brand?post=4652"},{"taxonomy":"product_cat","embeddable":true,"href":"https:\/\/latinstoreve.com\/index.php\/wp-json\/wp\/v2\/product_cat?post=4652"},{"taxonomy":"product_tag","embeddable":true,"href":"https:\/\/latinstoreve.com\/index.php\/wp-json\/wp\/v2\/product_tag?post=4652"}],"curies":[{"name":"wp","href":"https:\/\/api.w.org\/{rel}","templated":true}]}}