{"id":4654,"date":"2026-04-24T01:06:17","date_gmt":"2026-04-23T23:06:17","guid":{"rendered":"https:\/\/latinstoreve.com\/?post_type=product&#038;p=4654"},"modified":"2026-04-24T13:44:27","modified_gmt":"2026-04-24T11:44:27","slug":"sombrero-vueltiao-premium-de-23-fibras-herencia-viva","status":"publish","type":"product","link":"https:\/\/latinstoreve.com\/index.php\/product\/sombrero-vueltiao-premium-de-23-fibras-herencia-viva\/","title":{"rendered":"Sombrero Vueltiao Premium de 23 Fibras: Herencia Viva"},"content":{"rendered":"<p data-path-to-node=\"3\"><b data-path-to-node=\"3\" data-index-in-node=\"0\">Viste el orgullo tricolor con la m\u00e1xima expresi\u00f3n del arte Zen\u00fa.<\/b><\/p>\n<p data-path-to-node=\"4\">Siente la historia de Colombia en cada fibra. Este <b data-path-to-node=\"4\" data-index-in-node=\"51\">Sombrero Vueltiao premium de 23 fibras<\/b> (la calidad m\u00e1s fina y exclusiva) es una joya artesanal aut\u00e9ntica, tejida a mano con <b data-path-to-node=\"4\" data-index-in-node=\"175\">ca\u00f1a flecha<\/b> natural. Su dise\u00f1o \u00fanico y vibrante celebra los colores de nuestra bandera, integrando franjas en <b data-path-to-node=\"4\" data-index-in-node=\"285\">azul y amarillo, y azul y rojo<\/b> con una elegancia inigualable.<\/p>\n<ul data-path-to-node=\"5\">\n<li>\n<p data-path-to-node=\"5,0,0\"><b data-path-to-node=\"5,0,0\" data-index-in-node=\"0\">Excelencia y Finura inigualables:<\/b> El tejido de 23 fibras representa la cumbre de la maestr\u00eda artesanal, ofreciendo una textura suave, una flexibilidad asombrosa y una durabilidad eterna.<\/p>\n<\/li>\n<li>\n<p data-path-to-node=\"5,1,0\"><b data-path-to-node=\"5,1,0\" data-index-in-node=\"0\">Artesan\u00eda Zen\u00fa de Colecci\u00f3n:<\/b> Cada sombrero es una pieza \u00fanica, hecha con dedicaci\u00f3n y t\u00e9cnicas ancestrales que lo convierten en un tesoro cultural.<\/p>\n<\/li>\n<li>\n<p data-path-to-node=\"5,2,0\"><b data-path-to-node=\"5,2,0\" data-index-in-node=\"0\">Dise\u00f1o Tricolor Vibrante:<\/b> La combinaci\u00f3n audaz de colores en azul que resalta la belleza del patr\u00f3n tradicional, convirtiendo este sombrero en una declaraci\u00f3n de identidad y pasi\u00f3n por Colombia.<\/p>\n<\/li>\n<li>\n<p data-path-to-node=\"5,3,0\"><b data-path-to-node=\"5,3,0\" data-index-in-node=\"0\">Protecci\u00f3n Elegante y Fresca:<\/b> Su ala ancha te brinda una sombra perfecta y una ventilaci\u00f3n inigualable, manteni\u00e9ndote fresca y sofisticada en cualquier lugar. Adem\u00e1s de contar con su estuche para llevarlo donde quieras.<\/p>\n<\/li>\n<\/ul>\n<p data-path-to-node=\"7\"><b data-path-to-node=\"7\" data-index-in-node=\"0\">\u00a1Hazte con esta pieza de arte viva y luce el orgullo tricolor con el estilo premium que solo LatinStore te ofrece!<\/b><\/p>\n","protected":false},"excerpt":{"rendered":"<p>Sombrero Vueltiao Premium de 23 Fibras: Herencia Viva<\/p>\n","protected":false},"featured_media":4418,"template":"","meta":[],"product_brand":[],"product_cat":[46,47],"product_tag":[53,49,48],"class_list":{"0":"post-4654","1":"product","2":"type-product","3":"status-publish","4":"has-post-thumbnail","6":"product_cat-sombrero-colombiano","7":"product_cat-sombrero-vueltiao","8":"product_tag-colombia","9":"product_tag-sombrero-vueltiao","10":"product_tag-sombreros-colombiano","12":"first","13":"instock","14":"taxable","15":"shipping-taxable","16":"purchasable","17":"product-type-simple"},"_links":{"self":[{"href":"https:\/\/latinstoreve.com\/index.php\/wp-json\/wp\/v2\/product\/4654","targetHints":{"allow":["GET"]}}],"collection":[{"href":"https:\/\/latinstoreve.com\/index.php\/wp-json\/wp\/v2\/product"}],"about":[{"href":"https:\/\/latinstoreve.com\/index.php\/wp-json\/wp\/v2\/types\/product"}],"wp:featuredmedia":[{"embeddable":true,"href":"https:\/\/latinstoreve.com\/index.php\/wp-json\/wp\/v2\/media\/4418"}],"wp:attachment":[{"href":"https:\/\/latinstoreve.com\/index.php\/wp-json\/wp\/v2\/media?parent=4654"}],"wp:term":[{"taxonomy":"product_brand","embeddable":true,"href":"https:\/\/latinstoreve.com\/index.php\/wp-json\/wp\/v2\/product_brand?post=4654"},{"taxonomy":"product_cat","embeddable":true,"href":"https:\/\/latinstoreve.com\/index.php\/wp-json\/wp\/v2\/product_cat?post=4654"},{"taxonomy":"product_tag","embeddable":true,"href":"https:\/\/latinstoreve.com\/index.php\/wp-json\/wp\/v2\/product_tag?post=4654"}],"curies":[{"name":"wp","href":"https:\/\/api.w.org\/{rel}","templated":true}]}}