{"id":4655,"date":"2026-04-24T01:09:41","date_gmt":"2026-04-23T23:09:41","guid":{"rendered":"https:\/\/latinstoreve.com\/?post_type=product&#038;p=4655"},"modified":"2026-04-24T14:36:27","modified_gmt":"2026-04-24T12:36:27","slug":"sombrero-estilo-vueltiao-tradicion-y-resistencia","status":"publish","type":"product","link":"https:\/\/latinstoreve.com\/index.php\/product\/sombrero-estilo-vueltiao-tradicion-y-resistencia\/","title":{"rendered":"Sombrero Estilo Vueltiao: Tradici\u00f3n y Resistencia"},"content":{"rendered":"<p data-path-to-node=\"3\"><b data-path-to-node=\"3\" data-index-in-node=\"0\">El look cl\u00e1sico que amas, dise\u00f1ado para durar.<\/b><\/p>\n<p data-path-to-node=\"4\">Disfruta del ic\u00f3nico dise\u00f1o del Sombrero Vueltiao con una versatilidad moderna. Fabricado en <b data-path-to-node=\"4\" data-index-in-node=\"93\">poli\u00e9ster de alta calidad<\/b>, este sombrero es la opci\u00f3n ideal para quienes buscan lucir la tradici\u00f3n colombiana con un accesorio ligero, resistente y f\u00e1cil de cuidar.<\/p>\n<ul data-path-to-node=\"5\">\n<li>\n<p data-path-to-node=\"5,0,0\"><b data-path-to-node=\"5,0,0\" data-index-in-node=\"0\">Durabilidad Garantizada:<\/b> Gracias a su material sint\u00e9tico, mantiene su forma original por mucho m\u00e1s tiempo y es altamente resistente al uso diario.<\/p>\n<\/li>\n<li>\n<p data-path-to-node=\"5,1,0\"><b data-path-to-node=\"5,1,0\" data-index-in-node=\"0\">Estilo Impecable:<\/b> Acabados precisos que capturan la esencia del tejido tradicional en una paleta cl\u00e1sica.<\/p>\n<\/li>\n<li>\n<p data-path-to-node=\"5,2,0\"><b data-path-to-node=\"5,2,0\" data-index-in-node=\"0\">Ajuste Perfecto:<\/b> Disponible en varias tallas para asegurar tu total comodidad.<\/p>\n<\/li>\n<li><strong>Tallas de copa y medidas:<\/strong><\/li>\n<\/ul>\n<blockquote><p>UTalla M= 57 ctm<br \/>\nTalla L = 58 ctm<br \/>\nTalla XL= 59 ctm<\/p><\/blockquote>\n<ul data-path-to-node=\"5\">\n<li>\n<p data-path-to-node=\"5,3,0\"><b data-path-to-node=\"5,3,0\" data-index-in-node=\"0\">Mantenimiento Sencillo:<\/b> Ideal para viajes y eventos al aire libre; se limpia f\u00e1cilmente y resiste mejor las condiciones clim\u00e1ticas.<\/p>\n<\/li>\n<\/ul>\n<blockquote data-path-to-node=\"6\">\n<p data-path-to-node=\"6,0\"><b data-path-to-node=\"6,0\" data-index-in-node=\"0\">Ideal para:<\/b> Souvenirs, eventos masivos, bailes t\u00edpicos o simplemente para llevar el orgullo colombiano a todas partes de forma pr\u00e1ctica y econ\u00f3mica.<\/p>\n<\/blockquote>\n<p data-path-to-node=\"8\"><b data-path-to-node=\"8\" data-index-in-node=\"0\">\u00a1Lleva el s\u00edmbolo de Colombia contigo! Elige tu talla y c\u00f3mpralo ahora en LatinStove.com.<\/b><\/p>\n","protected":false},"excerpt":{"rendered":"<p>Sombrero Estilo Vueltiao: Tradici\u00f3n y Resistencia<\/p>\n","protected":false},"featured_media":4422,"template":"","meta":[],"product_brand":[],"product_cat":[46,47],"product_tag":[53,49,48],"class_list":{"0":"post-4655","1":"product","2":"type-product","3":"status-publish","4":"has-post-thumbnail","6":"product_cat-sombrero-colombiano","7":"product_cat-sombrero-vueltiao","8":"product_tag-colombia","9":"product_tag-sombrero-vueltiao","10":"product_tag-sombreros-colombiano","12":"first","13":"instock","14":"taxable","15":"shipping-taxable","16":"purchasable","17":"product-type-variable"},"_links":{"self":[{"href":"https:\/\/latinstoreve.com\/index.php\/wp-json\/wp\/v2\/product\/4655","targetHints":{"allow":["GET"]}}],"collection":[{"href":"https:\/\/latinstoreve.com\/index.php\/wp-json\/wp\/v2\/product"}],"about":[{"href":"https:\/\/latinstoreve.com\/index.php\/wp-json\/wp\/v2\/types\/product"}],"wp:featuredmedia":[{"embeddable":true,"href":"https:\/\/latinstoreve.com\/index.php\/wp-json\/wp\/v2\/media\/4422"}],"wp:attachment":[{"href":"https:\/\/latinstoreve.com\/index.php\/wp-json\/wp\/v2\/media?parent=4655"}],"wp:term":[{"taxonomy":"product_brand","embeddable":true,"href":"https:\/\/latinstoreve.com\/index.php\/wp-json\/wp\/v2\/product_brand?post=4655"},{"taxonomy":"product_cat","embeddable":true,"href":"https:\/\/latinstoreve.com\/index.php\/wp-json\/wp\/v2\/product_cat?post=4655"},{"taxonomy":"product_tag","embeddable":true,"href":"https:\/\/latinstoreve.com\/index.php\/wp-json\/wp\/v2\/product_tag?post=4655"}],"curies":[{"name":"wp","href":"https:\/\/api.w.org\/{rel}","templated":true}]}}